{"id":2636,"date":"2020-01-08T19:57:22","date_gmt":"2020-01-08T19:57:22","guid":{"rendered":"http:\/\/clapat.ro\/themes\/bauman-wordpress\/?page_id=2636"},"modified":"2021-02-12T21:17:10","modified_gmt":"2021-02-12T20:17:10","slug":"contact","status":"publish","type":"page","link":"https:\/\/laurentmeriaux.com\/index.php\/contact\/","title":{"rendered":"Contact"},"content":{"rendered":"\n<div class=\"wp-block-bauman-gutenberg-container full white-section\" style=\"background-color:transparent;text-align:left\"><\/div>\n\n\n\n<div class=\"wp-block-bauman-gutenberg-container row_padding_top\" style=\"background-color:transparent;text-align:left\">\n<div style=\"height:25px\" aria-hidden=\"true\" class=\"wp-block-spacer\"><\/div>\n\n\n\n<div class=\"wp-block-columns is-layout-flex wp-container-core-columns-layout-1 wp-block-columns-is-layout-flex\">\n<div class=\"wp-block-column is-layout-flow wp-block-column-is-layout-flow\">\n<div class=\"clapat-icon \"><i class=\"fa fa fa-paper-plane fa-2x fa-2x\" aria-hidden=\"true\"><\/i><\/div><h6>laumeriaux@gmail.com<\/h6><p>Email<\/p>\n<\/div>\n\n\n\n<div class=\"wp-block-column is-layout-flow wp-block-column-is-layout-flow\">\n<div class=\"clapat-icon \"><i class=\"fa fa fa-map-marker fa-2x fa-2x\" aria-hidden=\"true\"><\/i><\/div><h6>12, Boulevard Vaquez<br>\n63130 \u2022 Royat<\/h6><p>Addresse<\/p>\n<\/div>\n\n\n\n<div class=\"wp-block-column is-layout-flow wp-block-column-is-layout-flow\">\n<div class=\"clapat-icon \"><i class=\"fa fa fa-phone fa-2x fa-2x\" aria-hidden=\"true\"><\/i><\/div><h6>06 49 49 59 44 \n<br> Du lundi au vendredi de 10 h \u00e0 19h30<\/h6><p>T\u00e9l\u00e9phone<\/p>\n<\/div>\n<\/div>\n<\/div>\n\n\n\n<p><\/p>\n","protected":false},"excerpt":{"rendered":"laumeriaux@gmail.comEmail 12, Boulevard Vaquez 63130 \u2022 RoyatAddresse 06 49 49 59 44 Du lundi au vendredi de 10 h \u00e0 19h30T\u00e9l\u00e9phone","protected":false},"author":1,"featured_media":0,"parent":0,"menu_order":0,"comment_status":"closed","ping_status":"closed","template":"","meta":{"footnotes":""},"yoast_head":"<!-- This site is optimized with the Yoast SEO plugin v19.13 - https:\/\/yoast.com\/wordpress\/plugins\/seo\/ -->\n<title>Contact &bull; Laurentmeriaux<\/title>\n<meta name=\"description\" content=\"Laurent Meriaux, Graphiste freelance \u00e0 Clermont-Ferrand. Identit\u00e9 graphique, communication institutionnelle, Cr\u00e9ation graphique, affiche, brochure, carte de visite, charte graphique, flyer, logo, webdesign, animation 2d, 3d.\" \/>\n<meta name=\"robots\" content=\"index, follow, max-snippet:-1, max-image-preview:large, max-video-preview:-1\" \/>\n<link rel=\"canonical\" href=\"https:\/\/laurentmeriaux.com\/index.php\/contact\/\" \/>\n<meta property=\"og:locale\" content=\"fr_FR\" \/>\n<meta property=\"og:type\" content=\"article\" \/>\n<meta property=\"og:title\" content=\"Contact &bull; Laurentmeriaux\" \/>\n<meta property=\"og:description\" content=\"Laurent Meriaux, Graphiste freelance \u00e0 Clermont-Ferrand. Identit\u00e9 graphique, communication institutionnelle, Cr\u00e9ation graphique, affiche, brochure, carte de visite, charte graphique, flyer, logo, webdesign, animation 2d, 3d.\" \/>\n<meta property=\"og:url\" content=\"https:\/\/laurentmeriaux.com\/index.php\/contact\/\" \/>\n<meta property=\"og:site_name\" content=\"Laurentmeriaux\" \/>\n<meta property=\"article:modified_time\" content=\"2021-02-12T20:17:10+00:00\" \/>\n<meta name=\"twitter:card\" content=\"summary_large_image\" \/>\n<meta name=\"twitter:site\" content=\"@LiliBellons\" \/>\n<script type=\"application\/ld+json\" class=\"yoast-schema-graph\">{\"@context\":\"https:\/\/schema.org\",\"@graph\":[{\"@type\":\"WebPage\",\"@id\":\"https:\/\/laurentmeriaux.com\/index.php\/contact\/\",\"url\":\"https:\/\/laurentmeriaux.com\/index.php\/contact\/\",\"name\":\"Contact &bull; Laurentmeriaux\",\"isPartOf\":{\"@id\":\"https:\/\/laurentmeriaux.com\/#website\"},\"datePublished\":\"2020-01-08T19:57:22+00:00\",\"dateModified\":\"2021-02-12T20:17:10+00:00\",\"description\":\"Laurent Meriaux, Graphiste freelance \u00e0 Clermont-Ferrand. Identit\u00e9 graphique, communication institutionnelle, Cr\u00e9ation graphique, affiche, brochure, carte de visite, charte graphique, flyer, logo, webdesign, animation 2d, 3d.\",\"breadcrumb\":{\"@id\":\"https:\/\/laurentmeriaux.com\/index.php\/contact\/#breadcrumb\"},\"inLanguage\":\"fr-FR\",\"potentialAction\":[{\"@type\":\"ReadAction\",\"target\":[\"https:\/\/laurentmeriaux.com\/index.php\/contact\/\"]}]},{\"@type\":\"BreadcrumbList\",\"@id\":\"https:\/\/laurentmeriaux.com\/index.php\/contact\/#breadcrumb\",\"itemListElement\":[{\"@type\":\"ListItem\",\"position\":1,\"name\":\"Accueil\",\"item\":\"https:\/\/laurentmeriaux.com\/\"},{\"@type\":\"ListItem\",\"position\":2,\"name\":\"Contact\"}]},{\"@type\":\"WebSite\",\"@id\":\"https:\/\/laurentmeriaux.com\/#website\",\"url\":\"https:\/\/laurentmeriaux.com\/\",\"name\":\"laurentmeriaux graphiste clermont ferrand\",\"description\":\"graphiste freelance clermont ferrand\",\"publisher\":{\"@id\":\"https:\/\/laurentmeriaux.com\/#\/schema\/person\/b8e0f7ec066f8117e422dbd2e10daf91\"},\"potentialAction\":[{\"@type\":\"SearchAction\",\"target\":{\"@type\":\"EntryPoint\",\"urlTemplate\":\"https:\/\/laurentmeriaux.com\/?s={search_term_string}\"},\"query-input\":\"required name=search_term_string\"}],\"inLanguage\":\"fr-FR\"},{\"@type\":[\"Person\",\"Organization\"],\"@id\":\"https:\/\/laurentmeriaux.com\/#\/schema\/person\/b8e0f7ec066f8117e422dbd2e10daf91\",\"name\":\"admin9044\",\"image\":{\"@type\":\"ImageObject\",\"inLanguage\":\"fr-FR\",\"@id\":\"https:\/\/laurentmeriaux.com\/#\/schema\/person\/image\/\",\"url\":\"https:\/\/laurentmeriaux.com\/wp-content\/uploads\/2021\/02\/cropped-logo_b-1.png\",\"contentUrl\":\"https:\/\/laurentmeriaux.com\/wp-content\/uploads\/2021\/02\/cropped-logo_b-1.png\",\"width\":512,\"height\":512,\"caption\":\"admin9044\"},\"logo\":{\"@id\":\"https:\/\/laurentmeriaux.com\/#\/schema\/person\/image\/\"},\"sameAs\":[\"http:\/\/laurentmeriaux.com\"]}]}<\/script>\n<!-- \/ Yoast SEO plugin. -->","yoast_head_json":{"title":"Contact &bull; Laurentmeriaux","description":"Laurent Meriaux, Graphiste freelance \u00e0 Clermont-Ferrand. Identit\u00e9 graphique, communication institutionnelle, Cr\u00e9ation graphique, affiche, brochure, carte de visite, charte graphique, flyer, logo, webdesign, animation 2d, 3d.","robots":{"index":"index","follow":"follow","max-snippet":"max-snippet:-1","max-image-preview":"max-image-preview:large","max-video-preview":"max-video-preview:-1"},"canonical":"https:\/\/laurentmeriaux.com\/index.php\/contact\/","og_locale":"fr_FR","og_type":"article","og_title":"Contact &bull; Laurentmeriaux","og_description":"Laurent Meriaux, Graphiste freelance \u00e0 Clermont-Ferrand. Identit\u00e9 graphique, communication institutionnelle, Cr\u00e9ation graphique, affiche, brochure, carte de visite, charte graphique, flyer, logo, webdesign, animation 2d, 3d.","og_url":"https:\/\/laurentmeriaux.com\/index.php\/contact\/","og_site_name":"Laurentmeriaux","article_modified_time":"2021-02-12T20:17:10+00:00","twitter_card":"summary_large_image","twitter_site":"@LiliBellons","schema":{"@context":"https:\/\/schema.org","@graph":[{"@type":"WebPage","@id":"https:\/\/laurentmeriaux.com\/index.php\/contact\/","url":"https:\/\/laurentmeriaux.com\/index.php\/contact\/","name":"Contact &bull; Laurentmeriaux","isPartOf":{"@id":"https:\/\/laurentmeriaux.com\/#website"},"datePublished":"2020-01-08T19:57:22+00:00","dateModified":"2021-02-12T20:17:10+00:00","description":"Laurent Meriaux, Graphiste freelance \u00e0 Clermont-Ferrand. Identit\u00e9 graphique, communication institutionnelle, Cr\u00e9ation graphique, affiche, brochure, carte de visite, charte graphique, flyer, logo, webdesign, animation 2d, 3d.","breadcrumb":{"@id":"https:\/\/laurentmeriaux.com\/index.php\/contact\/#breadcrumb"},"inLanguage":"fr-FR","potentialAction":[{"@type":"ReadAction","target":["https:\/\/laurentmeriaux.com\/index.php\/contact\/"]}]},{"@type":"BreadcrumbList","@id":"https:\/\/laurentmeriaux.com\/index.php\/contact\/#breadcrumb","itemListElement":[{"@type":"ListItem","position":1,"name":"Accueil","item":"https:\/\/laurentmeriaux.com\/"},{"@type":"ListItem","position":2,"name":"Contact"}]},{"@type":"WebSite","@id":"https:\/\/laurentmeriaux.com\/#website","url":"https:\/\/laurentmeriaux.com\/","name":"laurentmeriaux graphiste clermont ferrand","description":"graphiste freelance clermont ferrand","publisher":{"@id":"https:\/\/laurentmeriaux.com\/#\/schema\/person\/b8e0f7ec066f8117e422dbd2e10daf91"},"potentialAction":[{"@type":"SearchAction","target":{"@type":"EntryPoint","urlTemplate":"https:\/\/laurentmeriaux.com\/?s={search_term_string}"},"query-input":"required name=search_term_string"}],"inLanguage":"fr-FR"},{"@type":["Person","Organization"],"@id":"https:\/\/laurentmeriaux.com\/#\/schema\/person\/b8e0f7ec066f8117e422dbd2e10daf91","name":"admin9044","image":{"@type":"ImageObject","inLanguage":"fr-FR","@id":"https:\/\/laurentmeriaux.com\/#\/schema\/person\/image\/","url":"https:\/\/laurentmeriaux.com\/wp-content\/uploads\/2021\/02\/cropped-logo_b-1.png","contentUrl":"https:\/\/laurentmeriaux.com\/wp-content\/uploads\/2021\/02\/cropped-logo_b-1.png","width":512,"height":512,"caption":"admin9044"},"logo":{"@id":"https:\/\/laurentmeriaux.com\/#\/schema\/person\/image\/"},"sameAs":["http:\/\/laurentmeriaux.com"]}]}},"_links":{"self":[{"href":"https:\/\/laurentmeriaux.com\/index.php\/wp-json\/wp\/v2\/pages\/2636"}],"collection":[{"href":"https:\/\/laurentmeriaux.com\/index.php\/wp-json\/wp\/v2\/pages"}],"about":[{"href":"https:\/\/laurentmeriaux.com\/index.php\/wp-json\/wp\/v2\/types\/page"}],"author":[{"embeddable":true,"href":"https:\/\/laurentmeriaux.com\/index.php\/wp-json\/wp\/v2\/users\/1"}],"replies":[{"embeddable":true,"href":"https:\/\/laurentmeriaux.com\/index.php\/wp-json\/wp\/v2\/comments?post=2636"}],"version-history":[{"count":27,"href":"https:\/\/laurentmeriaux.com\/index.php\/wp-json\/wp\/v2\/pages\/2636\/revisions"}],"predecessor-version":[{"id":3024,"href":"https:\/\/laurentmeriaux.com\/index.php\/wp-json\/wp\/v2\/pages\/2636\/revisions\/3024"}],"wp:attachment":[{"href":"https:\/\/laurentmeriaux.com\/index.php\/wp-json\/wp\/v2\/media?parent=2636"}],"curies":[{"name":"wp","href":"https:\/\/api.w.org\/{rel}","templated":true}]}}