{"id":2638,"date":"2020-01-08T19:57:52","date_gmt":"2020-01-08T19:57:52","guid":{"rendered":"http:\/\/clapat.ro\/themes\/bauman-wordpress\/?page_id=2638"},"modified":"2020-01-08T19:57:52","modified_gmt":"2020-01-08T19:57:52","slug":"fullscreen-slider","status":"publish","type":"page","link":"https:\/\/laurentmeriaux.com\/index.php\/fullscreen-slider\/","title":{"rendered":"Fullscreen Slider"},"content":{"rendered":"","protected":false},"excerpt":{"rendered":"","protected":false},"author":1,"featured_media":0,"parent":0,"menu_order":0,"comment_status":"closed","ping_status":"closed","template":"showcase-page.php","meta":{"footnotes":""},"yoast_head":"<!-- This site is optimized with the Yoast SEO plugin v19.13 - https:\/\/yoast.com\/wordpress\/plugins\/seo\/ -->\n<title>Fullscreen Slider &bull; Laurentmeriaux<\/title>\n<meta name=\"description\" content=\"Laurent Meriaux, Graphiste freelance \u00e0 Clermont-Ferrand. Identit\u00e9 graphique, communication institutionnelle, Cr\u00e9ation graphique, affiche, brochure, carte de visite, charte graphique, flyer, logo, webdesign, animation 2d, 3d.\" \/>\n<meta name=\"robots\" content=\"index, follow, max-snippet:-1, max-image-preview:large, max-video-preview:-1\" \/>\n<link rel=\"canonical\" href=\"https:\/\/laurentmeriaux.com\/index.php\/fullscreen-slider\/\" \/>\n<meta property=\"og:locale\" content=\"fr_FR\" \/>\n<meta property=\"og:type\" content=\"article\" \/>\n<meta property=\"og:title\" content=\"Fullscreen Slider &bull; Laurentmeriaux\" \/>\n<meta property=\"og:description\" content=\"Laurent Meriaux, Graphiste freelance \u00e0 Clermont-Ferrand. Identit\u00e9 graphique, communication institutionnelle, Cr\u00e9ation graphique, affiche, brochure, carte de visite, charte graphique, flyer, logo, webdesign, animation 2d, 3d.\" \/>\n<meta property=\"og:url\" content=\"https:\/\/laurentmeriaux.com\/index.php\/fullscreen-slider\/\" \/>\n<meta property=\"og:site_name\" content=\"Laurentmeriaux\" \/>\n<meta name=\"twitter:card\" content=\"summary_large_image\" \/>\n<meta name=\"twitter:site\" content=\"@LiliBellons\" \/>\n<script type=\"application\/ld+json\" class=\"yoast-schema-graph\">{\"@context\":\"https:\/\/schema.org\",\"@graph\":[{\"@type\":\"WebPage\",\"@id\":\"https:\/\/laurentmeriaux.com\/index.php\/fullscreen-slider\/\",\"url\":\"https:\/\/laurentmeriaux.com\/index.php\/fullscreen-slider\/\",\"name\":\"Fullscreen Slider &bull; Laurentmeriaux\",\"isPartOf\":{\"@id\":\"https:\/\/laurentmeriaux.com\/#website\"},\"datePublished\":\"2020-01-08T19:57:52+00:00\",\"dateModified\":\"2020-01-08T19:57:52+00:00\",\"description\":\"Laurent Meriaux, Graphiste freelance \u00e0 Clermont-Ferrand. Identit\u00e9 graphique, communication institutionnelle, Cr\u00e9ation graphique, affiche, brochure, carte de visite, charte graphique, flyer, logo, webdesign, animation 2d, 3d.\",\"breadcrumb\":{\"@id\":\"https:\/\/laurentmeriaux.com\/index.php\/fullscreen-slider\/#breadcrumb\"},\"inLanguage\":\"fr-FR\",\"potentialAction\":[{\"@type\":\"ReadAction\",\"target\":[\"https:\/\/laurentmeriaux.com\/index.php\/fullscreen-slider\/\"]}]},{\"@type\":\"BreadcrumbList\",\"@id\":\"https:\/\/laurentmeriaux.com\/index.php\/fullscreen-slider\/#breadcrumb\",\"itemListElement\":[{\"@type\":\"ListItem\",\"position\":1,\"name\":\"Accueil\",\"item\":\"https:\/\/laurentmeriaux.com\/\"},{\"@type\":\"ListItem\",\"position\":2,\"name\":\"Fullscreen Slider\"}]},{\"@type\":\"WebSite\",\"@id\":\"https:\/\/laurentmeriaux.com\/#website\",\"url\":\"https:\/\/laurentmeriaux.com\/\",\"name\":\"laurentmeriaux graphiste clermont ferrand\",\"description\":\"graphiste freelance clermont ferrand\",\"publisher\":{\"@id\":\"https:\/\/laurentmeriaux.com\/#\/schema\/person\/b8e0f7ec066f8117e422dbd2e10daf91\"},\"potentialAction\":[{\"@type\":\"SearchAction\",\"target\":{\"@type\":\"EntryPoint\",\"urlTemplate\":\"https:\/\/laurentmeriaux.com\/?s={search_term_string}\"},\"query-input\":\"required name=search_term_string\"}],\"inLanguage\":\"fr-FR\"},{\"@type\":[\"Person\",\"Organization\"],\"@id\":\"https:\/\/laurentmeriaux.com\/#\/schema\/person\/b8e0f7ec066f8117e422dbd2e10daf91\",\"name\":\"admin9044\",\"image\":{\"@type\":\"ImageObject\",\"inLanguage\":\"fr-FR\",\"@id\":\"https:\/\/laurentmeriaux.com\/#\/schema\/person\/image\/\",\"url\":\"https:\/\/laurentmeriaux.com\/wp-content\/uploads\/2021\/02\/cropped-logo_b-1.png\",\"contentUrl\":\"https:\/\/laurentmeriaux.com\/wp-content\/uploads\/2021\/02\/cropped-logo_b-1.png\",\"width\":512,\"height\":512,\"caption\":\"admin9044\"},\"logo\":{\"@id\":\"https:\/\/laurentmeriaux.com\/#\/schema\/person\/image\/\"},\"sameAs\":[\"http:\/\/laurentmeriaux.com\"]}]}<\/script>\n<!-- \/ Yoast SEO plugin. -->","yoast_head_json":{"title":"Fullscreen Slider &bull; Laurentmeriaux","description":"Laurent Meriaux, Graphiste freelance \u00e0 Clermont-Ferrand. Identit\u00e9 graphique, communication institutionnelle, Cr\u00e9ation graphique, affiche, brochure, carte de visite, charte graphique, flyer, logo, webdesign, animation 2d, 3d.","robots":{"index":"index","follow":"follow","max-snippet":"max-snippet:-1","max-image-preview":"max-image-preview:large","max-video-preview":"max-video-preview:-1"},"canonical":"https:\/\/laurentmeriaux.com\/index.php\/fullscreen-slider\/","og_locale":"fr_FR","og_type":"article","og_title":"Fullscreen Slider &bull; Laurentmeriaux","og_description":"Laurent Meriaux, Graphiste freelance \u00e0 Clermont-Ferrand. Identit\u00e9 graphique, communication institutionnelle, Cr\u00e9ation graphique, affiche, brochure, carte de visite, charte graphique, flyer, logo, webdesign, animation 2d, 3d.","og_url":"https:\/\/laurentmeriaux.com\/index.php\/fullscreen-slider\/","og_site_name":"Laurentmeriaux","twitter_card":"summary_large_image","twitter_site":"@LiliBellons","schema":{"@context":"https:\/\/schema.org","@graph":[{"@type":"WebPage","@id":"https:\/\/laurentmeriaux.com\/index.php\/fullscreen-slider\/","url":"https:\/\/laurentmeriaux.com\/index.php\/fullscreen-slider\/","name":"Fullscreen Slider &bull; Laurentmeriaux","isPartOf":{"@id":"https:\/\/laurentmeriaux.com\/#website"},"datePublished":"2020-01-08T19:57:52+00:00","dateModified":"2020-01-08T19:57:52+00:00","description":"Laurent Meriaux, Graphiste freelance \u00e0 Clermont-Ferrand. Identit\u00e9 graphique, communication institutionnelle, Cr\u00e9ation graphique, affiche, brochure, carte de visite, charte graphique, flyer, logo, webdesign, animation 2d, 3d.","breadcrumb":{"@id":"https:\/\/laurentmeriaux.com\/index.php\/fullscreen-slider\/#breadcrumb"},"inLanguage":"fr-FR","potentialAction":[{"@type":"ReadAction","target":["https:\/\/laurentmeriaux.com\/index.php\/fullscreen-slider\/"]}]},{"@type":"BreadcrumbList","@id":"https:\/\/laurentmeriaux.com\/index.php\/fullscreen-slider\/#breadcrumb","itemListElement":[{"@type":"ListItem","position":1,"name":"Accueil","item":"https:\/\/laurentmeriaux.com\/"},{"@type":"ListItem","position":2,"name":"Fullscreen Slider"}]},{"@type":"WebSite","@id":"https:\/\/laurentmeriaux.com\/#website","url":"https:\/\/laurentmeriaux.com\/","name":"laurentmeriaux graphiste clermont ferrand","description":"graphiste freelance clermont ferrand","publisher":{"@id":"https:\/\/laurentmeriaux.com\/#\/schema\/person\/b8e0f7ec066f8117e422dbd2e10daf91"},"potentialAction":[{"@type":"SearchAction","target":{"@type":"EntryPoint","urlTemplate":"https:\/\/laurentmeriaux.com\/?s={search_term_string}"},"query-input":"required name=search_term_string"}],"inLanguage":"fr-FR"},{"@type":["Person","Organization"],"@id":"https:\/\/laurentmeriaux.com\/#\/schema\/person\/b8e0f7ec066f8117e422dbd2e10daf91","name":"admin9044","image":{"@type":"ImageObject","inLanguage":"fr-FR","@id":"https:\/\/laurentmeriaux.com\/#\/schema\/person\/image\/","url":"https:\/\/laurentmeriaux.com\/wp-content\/uploads\/2021\/02\/cropped-logo_b-1.png","contentUrl":"https:\/\/laurentmeriaux.com\/wp-content\/uploads\/2021\/02\/cropped-logo_b-1.png","width":512,"height":512,"caption":"admin9044"},"logo":{"@id":"https:\/\/laurentmeriaux.com\/#\/schema\/person\/image\/"},"sameAs":["http:\/\/laurentmeriaux.com"]}]}},"_links":{"self":[{"href":"https:\/\/laurentmeriaux.com\/index.php\/wp-json\/wp\/v2\/pages\/2638"}],"collection":[{"href":"https:\/\/laurentmeriaux.com\/index.php\/wp-json\/wp\/v2\/pages"}],"about":[{"href":"https:\/\/laurentmeriaux.com\/index.php\/wp-json\/wp\/v2\/types\/page"}],"author":[{"embeddable":true,"href":"https:\/\/laurentmeriaux.com\/index.php\/wp-json\/wp\/v2\/users\/1"}],"replies":[{"embeddable":true,"href":"https:\/\/laurentmeriaux.com\/index.php\/wp-json\/wp\/v2\/comments?post=2638"}],"version-history":[{"count":1,"href":"https:\/\/laurentmeriaux.com\/index.php\/wp-json\/wp\/v2\/pages\/2638\/revisions"}],"predecessor-version":[{"id":2922,"href":"https:\/\/laurentmeriaux.com\/index.php\/wp-json\/wp\/v2\/pages\/2638\/revisions\/2922"}],"wp:attachment":[{"href":"https:\/\/laurentmeriaux.com\/index.php\/wp-json\/wp\/v2\/media?parent=2638"}],"curies":[{"name":"wp","href":"https:\/\/api.w.org\/{rel}","templated":true}]}}