{"id":73,"date":"2017-01-16T23:50:24","date_gmt":"2017-01-16T23:50:24","guid":{"rendered":"http:\/\/themenectar.com\/demo\/salient-minimal-portfolio\/?page_id=73"},"modified":"2017-01-16T23:50:24","modified_gmt":"2017-01-16T23:50:24","slug":"about-minimal-portfolio","status":"publish","type":"page","link":"https:\/\/laurentmeriaux.com\/index.php\/about-minimal-portfolio\/","title":{"rendered":"About &#8211; Minimal Portfolio"},"content":{"rendered":"[vc_row type=\u00a0\u00bbfull_width_background\u00a0\u00bb full_screen_row_position=\u00a0\u00bbmiddle\u00a0\u00bb equal_height=\u00a0\u00bbyes\u00a0\u00bb content_placement=\u00a0\u00bbmiddle\u00a0\u00bb bg_color=\u00a0\u00bb#ffffff\u00a0\u00bb scene_position=\u00a0\u00bbcenter\u00a0\u00bb text_color=\u00a0\u00bbdark\u00a0\u00bb text_align=\u00a0\u00bbleft\u00a0\u00bb top_padding=\u00a0\u00bb4%\u00a0\u00bb bottom_padding=\u00a0\u00bb7%\u00a0\u00bb overlay_strength=\u00a0\u00bb0.3&Prime;][vc_column column_padding=\u00a0\u00bbno-extra-padding\u00a0\u00bb column_padding_position=\u00a0\u00bball\u00a0\u00bb background_color_opacity=\u00a0\u00bb1&Prime; background_hover_color_opacity=\u00a0\u00bb1&Prime; column_shadow=\u00a0\u00bbnone\u00a0\u00bb width=\u00a0\u00bb1\/2&Prime; tablet_text_alignment=\u00a0\u00bbdefault\u00a0\u00bb phone_text_alignment=\u00a0\u00bbdefault\u00a0\u00bb column_border_width=\u00a0\u00bbnone\u00a0\u00bb column_border_style=\u00a0\u00bbsolid\u00a0\u00bb][image_with_animation image_url=\u00a0\u00bbhttps:\/\/source.unsplash.com\/Kt8eGw8_S8Y\u00a0\u00bb alignment=\u00a0\u00bb\u00a0\u00bb animation=\u00a0\u00bbNone\u00a0\u00bb box_shadow=\u00a0\u00bbx_large_depth\u00a0\u00bb max_width=\u00a0\u00bb100%\u00a0\u00bb][\/vc_column][vc_column column_padding=\u00a0\u00bbpadding-6-percent\u00a0\u00bb column_padding_position=\u00a0\u00bball\u00a0\u00bb background_color_opacity=\u00a0\u00bb1&Prime; background_hover_color_opacity=\u00a0\u00bb1&Prime; column_shadow=\u00a0\u00bbnone\u00a0\u00bb width=\u00a0\u00bb1\/2&Prime; tablet_text_alignment=\u00a0\u00bbdefault\u00a0\u00bb phone_text_alignment=\u00a0\u00bbdefault\u00a0\u00bb column_border_width=\u00a0\u00bbnone\u00a0\u00bb column_border_style=\u00a0\u00bbsolid\u00a0\u00bb][vc_custom_heading text=\u00a0\u00bbPhilip Martinez\u00a0\u00bb font_container=\u00a0\u00bbtag:h5|text_align:left|color:%23bfbfbf\u00a0\u00bb use_theme_fonts=\u00a0\u00bbyes\u00a0\u00bb css=\u00a0\u00bb.vc_custom_1485193607322{margin-bottom: 10px !important;}\u00a0\u00bb][vc_custom_heading text=\u00a0\u00bbCreator of quality designs and thinker of fresh ideas.\u00a0\u00bb font_container=\u00a0\u00bbtag:h2|font_size:40|text_align:left|line_height:50px\u00a0\u00bb use_theme_fonts=\u00a0\u00bbyes\u00a0\u00bb][vc_column_text css=\u00a0\u00bb.vc_custom_1485195197203{margin-top: 30px !important;margin-bottom: 30px !important;}\u00a0\u00bb]Far far away, behind the word mountains, far from the countries Vokalia and Consonantia, there live the blind texts.\u00a0A small river named Duden flows by their place and supplies it with the necessary regelialia[\/vc_column_text][divider line_type=\u00a0\u00bbNo Line\u00a0\u00bb custom_height=\u00a0\u00bb50&Prime;][vc_custom_heading text=\u00a0\u00bbWhat I Do\u00a0\u00bb font_container=\u00a0\u00bbtag:h5|text_align:left|color:%23bfbfbf\u00a0\u00bb use_theme_fonts=\u00a0\u00bbyes\u00a0\u00bb css=\u00a0\u00bb.vc_custom_1485193623501{margin-bottom: 10px !important;}\u00a0\u00bb][vc_row_inner column_margin=\u00a0\u00bbdefault\u00a0\u00bb text_align=\u00a0\u00bbleft\u00a0\u00bb][vc_column_inner column_padding=\u00a0\u00bbno-extra-padding\u00a0\u00bb column_padding_position=\u00a0\u00bball\u00a0\u00bb background_color_opacity=\u00a0\u00bb1&Prime; width=\u00a0\u00bb1\/2&Prime; column_border_width=\u00a0\u00bbnone\u00a0\u00bb column_border_style=\u00a0\u00bbsolid\u00a0\u00bb]<div class=\"nectar-fancy-ul\" data-list-icon=\"none\" data-animation=\"false\" data-animation-delay=\"0\" data-color=\"accent-color\" data-spacing=\"default\" data-alignment=\"left\"> \n<ul>\n<li>Graphic Design<\/li>\n<li>Web Development<\/li>\n<li>Video Editing<\/li>\n<li>Audio Engineering<\/li>\n<\/ul>\n <\/div>[\/vc_column_inner][vc_column_inner column_padding=\u00a0\u00bbno-extra-padding\u00a0\u00bb column_padding_position=\u00a0\u00bball\u00a0\u00bb background_color_opacity=\u00a0\u00bb1&Prime; width=\u00a0\u00bb1\/2&Prime; column_border_width=\u00a0\u00bbnone\u00a0\u00bb column_border_style=\u00a0\u00bbsolid\u00a0\u00bb]<div class=\"nectar-fancy-ul\" data-list-icon=\"none\" data-animation=\"false\" data-animation-delay=\"0\" data-color=\"accent-color\" data-spacing=\"default\" data-alignment=\"left\"> \n<ul>\n<li>Social Marketing<\/li>\n<li>NEC Strategy<\/li>\n<li>SEO Audits<\/li>\n<li>Branding<\/li>\n<\/ul>\n <\/div>[\/vc_column_inner][\/vc_row_inner][nectar_icon icon_family=\u00a0\u00bbiconsmind\u00a0\u00bb icon_style=\u00a0\u00bbdefault\u00a0\u00bb icon_color=\u00a0\u00bbAccent-Color\u00a0\u00bb open_new_tab=\u00a0\u00bbtrue\u00a0\u00bb icon_padding=\u00a0\u00bb20px\u00a0\u00bb icon_iconsmind=\u00a0\u00bbiconsmind-Facebook-2&Prime; icon_size=\u00a0\u00bb29&Prime; margin_left=\u00a0\u00bb-20px\u00a0\u00bb url=\u00a0\u00bb#\u00a0\u00bb][nectar_icon icon_family=\u00a0\u00bbiconsmind\u00a0\u00bb icon_style=\u00a0\u00bbdefault\u00a0\u00bb icon_color=\u00a0\u00bbAccent-Color\u00a0\u00bb open_new_tab=\u00a0\u00bbtrue\u00a0\u00bb icon_padding=\u00a0\u00bb20px\u00a0\u00bb icon_iconsmind=\u00a0\u00bbiconsmind-Reddit\u00a0\u00bb icon_size=\u00a0\u00bb29&Prime; url=\u00a0\u00bb#\u00a0\u00bb][nectar_icon icon_family=\u00a0\u00bbiconsmind\u00a0\u00bb icon_style=\u00a0\u00bbdefault\u00a0\u00bb icon_color=\u00a0\u00bbAccent-Color\u00a0\u00bb open_new_tab=\u00a0\u00bbtrue\u00a0\u00bb icon_padding=\u00a0\u00bb20px\u00a0\u00bb icon_iconsmind=\u00a0\u00bbiconsmind-Dribble\u00a0\u00bb icon_size=\u00a0\u00bb29&Prime; url=\u00a0\u00bb#\u00a0\u00bb][\/vc_column][\/vc_row]\n","protected":false},"excerpt":{"rendered":"<p>[vc_row type=\u00a0\u00bbfull_width_background\u00a0\u00bb full_screen_row_position=\u00a0\u00bbmiddle\u00a0\u00bb equal_height=\u00a0\u00bbyes\u00a0\u00bb content_placement=\u00a0\u00bbmiddle\u00a0\u00bb bg_color=\u00a0\u00bb#ffffff\u00a0\u00bb scene_position=\u00a0\u00bbcenter\u00a0\u00bb text_color=\u00a0\u00bbdark\u00a0\u00bb text_align=\u00a0\u00bbleft\u00a0\u00bb top_padding=\u00a0\u00bb4%\u00a0\u00bb bottom_padding=\u00a0\u00bb7%\u00a0\u00bb overlay_strength=\u00a0\u00bb0.3&Prime;][vc_column column_padding=\u00a0\u00bbno-extra-padding\u00a0\u00bb column_padding_position=\u00a0\u00bball\u00a0\u00bb background_color_opacity=\u00a0\u00bb1&Prime; background_hover_color_opacity=\u00a0\u00bb1&Prime; column_shadow=\u00a0\u00bbnone\u00a0\u00bb width=\u00a0\u00bb1\/2&Prime; tablet_text_alignment=\u00a0\u00bbdefault\u00a0\u00bb phone_text_alignment=\u00a0\u00bbdefault\u00a0\u00bb column_border_width=\u00a0\u00bbnone\u00a0\u00bb column_border_style=\u00a0\u00bbsolid\u00a0\u00bb][image_with_animation image_url=\u00a0\u00bbhttps:\/\/source.unsplash.com\/Kt8eGw8_S8Y\u00a0\u00bb alignment=\u00a0\u00bb\u00a0\u00bb animation=\u00a0\u00bbNone\u00a0\u00bb box_shadow=\u00a0\u00bbx_large_depth\u00a0\u00bb max_width=\u00a0\u00bb100%\u00a0\u00bb][\/vc_column][vc_column column_padding=\u00a0\u00bbpadding-6-percent\u00a0\u00bb column_padding_position=\u00a0\u00bball\u00a0\u00bb background_color_opacity=\u00a0\u00bb1&Prime;&#8230;<\/p>\n","protected":false},"author":1,"featured_media":0,"parent":0,"menu_order":0,"comment_status":"closed","ping_status":"closed","template":"","meta":{"footnotes":""},"yoast_head":"<!-- This site is optimized with the Yoast SEO plugin v19.13 - https:\/\/yoast.com\/wordpress\/plugins\/seo\/ -->\n<title>About - Minimal Portfolio &bull; Laurentmeriaux<\/title>\n<meta name=\"description\" content=\"Laurent Meriaux, Graphiste freelance \u00e0 Clermont-Ferrand. Identit\u00e9 graphique, communication institutionnelle, Cr\u00e9ation graphique, affiche, brochure, carte de visite, charte graphique, flyer, logo, webdesign, animation 2d, 3d.\" \/>\n<meta name=\"robots\" content=\"index, follow, max-snippet:-1, max-image-preview:large, max-video-preview:-1\" \/>\n<link rel=\"canonical\" href=\"https:\/\/laurentmeriaux.com\/index.php\/about-minimal-portfolio\/\" \/>\n<meta property=\"og:locale\" content=\"fr_FR\" \/>\n<meta property=\"og:type\" content=\"article\" \/>\n<meta property=\"og:title\" content=\"About - Minimal Portfolio &bull; Laurentmeriaux\" \/>\n<meta property=\"og:description\" content=\"Laurent Meriaux, Graphiste freelance \u00e0 Clermont-Ferrand. Identit\u00e9 graphique, communication institutionnelle, Cr\u00e9ation graphique, affiche, brochure, carte de visite, charte graphique, flyer, logo, webdesign, animation 2d, 3d.\" \/>\n<meta property=\"og:url\" content=\"https:\/\/laurentmeriaux.com\/index.php\/about-minimal-portfolio\/\" \/>\n<meta property=\"og:site_name\" content=\"Laurentmeriaux\" \/>\n<meta name=\"twitter:card\" content=\"summary_large_image\" \/>\n<meta name=\"twitter:site\" content=\"@LiliBellons\" \/>\n<meta name=\"twitter:label1\" content=\"Dur\u00e9e de lecture estim\u00e9e\" \/>\n\t<meta name=\"twitter:data1\" content=\"2 minutes\" \/>\n<script type=\"application\/ld+json\" class=\"yoast-schema-graph\">{\"@context\":\"https:\/\/schema.org\",\"@graph\":[{\"@type\":\"WebPage\",\"@id\":\"https:\/\/laurentmeriaux.com\/index.php\/about-minimal-portfolio\/\",\"url\":\"https:\/\/laurentmeriaux.com\/index.php\/about-minimal-portfolio\/\",\"name\":\"About - Minimal Portfolio &bull; Laurentmeriaux\",\"isPartOf\":{\"@id\":\"https:\/\/laurentmeriaux.com\/#website\"},\"datePublished\":\"2017-01-16T23:50:24+00:00\",\"dateModified\":\"2017-01-16T23:50:24+00:00\",\"description\":\"Laurent Meriaux, Graphiste freelance \u00e0 Clermont-Ferrand. Identit\u00e9 graphique, communication institutionnelle, Cr\u00e9ation graphique, affiche, brochure, carte de visite, charte graphique, flyer, logo, webdesign, animation 2d, 3d.\",\"breadcrumb\":{\"@id\":\"https:\/\/laurentmeriaux.com\/index.php\/about-minimal-portfolio\/#breadcrumb\"},\"inLanguage\":\"fr-FR\",\"potentialAction\":[{\"@type\":\"ReadAction\",\"target\":[\"https:\/\/laurentmeriaux.com\/index.php\/about-minimal-portfolio\/\"]}]},{\"@type\":\"BreadcrumbList\",\"@id\":\"https:\/\/laurentmeriaux.com\/index.php\/about-minimal-portfolio\/#breadcrumb\",\"itemListElement\":[{\"@type\":\"ListItem\",\"position\":1,\"name\":\"Accueil\",\"item\":\"https:\/\/laurentmeriaux.com\/\"},{\"@type\":\"ListItem\",\"position\":2,\"name\":\"About &#8211; Minimal Portfolio\"}]},{\"@type\":\"WebSite\",\"@id\":\"https:\/\/laurentmeriaux.com\/#website\",\"url\":\"https:\/\/laurentmeriaux.com\/\",\"name\":\"laurentmeriaux graphiste clermont ferrand\",\"description\":\"graphiste freelance clermont ferrand\",\"publisher\":{\"@id\":\"https:\/\/laurentmeriaux.com\/#\/schema\/person\/b8e0f7ec066f8117e422dbd2e10daf91\"},\"potentialAction\":[{\"@type\":\"SearchAction\",\"target\":{\"@type\":\"EntryPoint\",\"urlTemplate\":\"https:\/\/laurentmeriaux.com\/?s={search_term_string}\"},\"query-input\":\"required name=search_term_string\"}],\"inLanguage\":\"fr-FR\"},{\"@type\":[\"Person\",\"Organization\"],\"@id\":\"https:\/\/laurentmeriaux.com\/#\/schema\/person\/b8e0f7ec066f8117e422dbd2e10daf91\",\"name\":\"admin9044\",\"image\":{\"@type\":\"ImageObject\",\"inLanguage\":\"fr-FR\",\"@id\":\"https:\/\/laurentmeriaux.com\/#\/schema\/person\/image\/\",\"url\":\"https:\/\/laurentmeriaux.com\/wp-content\/uploads\/2021\/02\/cropped-logo_b-1.png\",\"contentUrl\":\"https:\/\/laurentmeriaux.com\/wp-content\/uploads\/2021\/02\/cropped-logo_b-1.png\",\"width\":512,\"height\":512,\"caption\":\"admin9044\"},\"logo\":{\"@id\":\"https:\/\/laurentmeriaux.com\/#\/schema\/person\/image\/\"},\"sameAs\":[\"http:\/\/laurentmeriaux.com\"]}]}<\/script>\n<!-- \/ Yoast SEO plugin. -->","yoast_head_json":{"title":"About - Minimal Portfolio &bull; Laurentmeriaux","description":"Laurent Meriaux, Graphiste freelance \u00e0 Clermont-Ferrand. Identit\u00e9 graphique, communication institutionnelle, Cr\u00e9ation graphique, affiche, brochure, carte de visite, charte graphique, flyer, logo, webdesign, animation 2d, 3d.","robots":{"index":"index","follow":"follow","max-snippet":"max-snippet:-1","max-image-preview":"max-image-preview:large","max-video-preview":"max-video-preview:-1"},"canonical":"https:\/\/laurentmeriaux.com\/index.php\/about-minimal-portfolio\/","og_locale":"fr_FR","og_type":"article","og_title":"About - Minimal Portfolio &bull; Laurentmeriaux","og_description":"Laurent Meriaux, Graphiste freelance \u00e0 Clermont-Ferrand. Identit\u00e9 graphique, communication institutionnelle, Cr\u00e9ation graphique, affiche, brochure, carte de visite, charte graphique, flyer, logo, webdesign, animation 2d, 3d.","og_url":"https:\/\/laurentmeriaux.com\/index.php\/about-minimal-portfolio\/","og_site_name":"Laurentmeriaux","twitter_card":"summary_large_image","twitter_site":"@LiliBellons","twitter_misc":{"Dur\u00e9e de lecture estim\u00e9e":"2 minutes"},"schema":{"@context":"https:\/\/schema.org","@graph":[{"@type":"WebPage","@id":"https:\/\/laurentmeriaux.com\/index.php\/about-minimal-portfolio\/","url":"https:\/\/laurentmeriaux.com\/index.php\/about-minimal-portfolio\/","name":"About - Minimal Portfolio &bull; Laurentmeriaux","isPartOf":{"@id":"https:\/\/laurentmeriaux.com\/#website"},"datePublished":"2017-01-16T23:50:24+00:00","dateModified":"2017-01-16T23:50:24+00:00","description":"Laurent Meriaux, Graphiste freelance \u00e0 Clermont-Ferrand. Identit\u00e9 graphique, communication institutionnelle, Cr\u00e9ation graphique, affiche, brochure, carte de visite, charte graphique, flyer, logo, webdesign, animation 2d, 3d.","breadcrumb":{"@id":"https:\/\/laurentmeriaux.com\/index.php\/about-minimal-portfolio\/#breadcrumb"},"inLanguage":"fr-FR","potentialAction":[{"@type":"ReadAction","target":["https:\/\/laurentmeriaux.com\/index.php\/about-minimal-portfolio\/"]}]},{"@type":"BreadcrumbList","@id":"https:\/\/laurentmeriaux.com\/index.php\/about-minimal-portfolio\/#breadcrumb","itemListElement":[{"@type":"ListItem","position":1,"name":"Accueil","item":"https:\/\/laurentmeriaux.com\/"},{"@type":"ListItem","position":2,"name":"About &#8211; Minimal Portfolio"}]},{"@type":"WebSite","@id":"https:\/\/laurentmeriaux.com\/#website","url":"https:\/\/laurentmeriaux.com\/","name":"laurentmeriaux graphiste clermont ferrand","description":"graphiste freelance clermont ferrand","publisher":{"@id":"https:\/\/laurentmeriaux.com\/#\/schema\/person\/b8e0f7ec066f8117e422dbd2e10daf91"},"potentialAction":[{"@type":"SearchAction","target":{"@type":"EntryPoint","urlTemplate":"https:\/\/laurentmeriaux.com\/?s={search_term_string}"},"query-input":"required name=search_term_string"}],"inLanguage":"fr-FR"},{"@type":["Person","Organization"],"@id":"https:\/\/laurentmeriaux.com\/#\/schema\/person\/b8e0f7ec066f8117e422dbd2e10daf91","name":"admin9044","image":{"@type":"ImageObject","inLanguage":"fr-FR","@id":"https:\/\/laurentmeriaux.com\/#\/schema\/person\/image\/","url":"https:\/\/laurentmeriaux.com\/wp-content\/uploads\/2021\/02\/cropped-logo_b-1.png","contentUrl":"https:\/\/laurentmeriaux.com\/wp-content\/uploads\/2021\/02\/cropped-logo_b-1.png","width":512,"height":512,"caption":"admin9044"},"logo":{"@id":"https:\/\/laurentmeriaux.com\/#\/schema\/person\/image\/"},"sameAs":["http:\/\/laurentmeriaux.com"]}]}},"_links":{"self":[{"href":"https:\/\/laurentmeriaux.com\/index.php\/wp-json\/wp\/v2\/pages\/73"}],"collection":[{"href":"https:\/\/laurentmeriaux.com\/index.php\/wp-json\/wp\/v2\/pages"}],"about":[{"href":"https:\/\/laurentmeriaux.com\/index.php\/wp-json\/wp\/v2\/types\/page"}],"author":[{"embeddable":true,"href":"https:\/\/laurentmeriaux.com\/index.php\/wp-json\/wp\/v2\/users\/1"}],"replies":[{"embeddable":true,"href":"https:\/\/laurentmeriaux.com\/index.php\/wp-json\/wp\/v2\/comments?post=73"}],"version-history":[{"count":0,"href":"https:\/\/laurentmeriaux.com\/index.php\/wp-json\/wp\/v2\/pages\/73\/revisions"}],"wp:attachment":[{"href":"https:\/\/laurentmeriaux.com\/index.php\/wp-json\/wp\/v2\/media?parent=73"}],"curies":[{"name":"wp","href":"https:\/\/api.w.org\/{rel}","templated":true}]}}