{"id":75,"date":"2017-01-16T23:50:39","date_gmt":"2017-01-16T23:50:39","guid":{"rendered":"http:\/\/themenectar.com\/demo\/salient-minimal-portfolio\/?page_id=75"},"modified":"2022-12-27T01:08:13","modified_gmt":"2022-12-27T00:08:13","slug":"contact-minimal-portfolio","status":"publish","type":"page","link":"https:\/\/laurentmeriaux.com\/index.php\/contact-minimal-portfolio\/","title":{"rendered":"Contact &#8211; Minimal Portfolio"},"content":{"rendered":"[vc_row type=\u00a0\u00bbin_container\u00a0\u00bb full_screen_row_position=\u00a0\u00bbmiddle\u00a0\u00bb column_margin=\u00a0\u00bbdefault\u00a0\u00bb column_direction=\u00a0\u00bbdefault\u00a0\u00bb column_direction_tablet=\u00a0\u00bbdefault\u00a0\u00bb column_direction_phone=\u00a0\u00bbdefault\u00a0\u00bb scene_position=\u00a0\u00bbcenter\u00a0\u00bb top_padding=\u00a0\u00bb5%\u00a0\u00bb text_color=\u00a0\u00bbdark\u00a0\u00bb text_align=\u00a0\u00bbleft\u00a0\u00bb row_border_radius=\u00a0\u00bbnone\u00a0\u00bb row_border_radius_applies=\u00a0\u00bbbg\u00a0\u00bb overflow=\u00a0\u00bbvisible\u00a0\u00bb overlay_strength=\u00a0\u00bb0.3&Prime; gradient_direction=\u00a0\u00bbleft_to_right\u00a0\u00bb shape_divider_position=\u00a0\u00bbbottom\u00a0\u00bb bg_image_animation=\u00a0\u00bbnone\u00a0\u00bb][vc_column column_padding=\u00a0\u00bbno-extra-padding\u00a0\u00bb column_padding_tablet=\u00a0\u00bbinherit\u00a0\u00bb column_padding_phone=\u00a0\u00bbinherit\u00a0\u00bb column_padding_position=\u00a0\u00bball\u00a0\u00bb column_element_direction_desktop=\u00a0\u00bbdefault\u00a0\u00bb column_element_spacing=\u00a0\u00bbdefault\u00a0\u00bb desktop_text_alignment=\u00a0\u00bbdefault\u00a0\u00bb tablet_text_alignment=\u00a0\u00bbdefault\u00a0\u00bb phone_text_alignment=\u00a0\u00bbdefault\u00a0\u00bb background_color_opacity=\u00a0\u00bb1&Prime; background_hover_color_opacity=\u00a0\u00bb1&Prime; column_backdrop_filter=\u00a0\u00bbnone\u00a0\u00bb column_shadow=\u00a0\u00bbnone\u00a0\u00bb column_border_radius=\u00a0\u00bbnone\u00a0\u00bb column_link_target=\u00a0\u00bb_self\u00a0\u00bb column_position=\u00a0\u00bbdefault\u00a0\u00bb gradient_direction=\u00a0\u00bbleft_to_right\u00a0\u00bb overlay_strength=\u00a0\u00bb0.3&Prime; width=\u00a0\u00bb1\/2&Prime; tablet_width_inherit=\u00a0\u00bbdefault\u00a0\u00bb animation_type=\u00a0\u00bbdefault\u00a0\u00bb bg_image_animation=\u00a0\u00bbnone\u00a0\u00bb border_type=\u00a0\u00bbsimple\u00a0\u00bb column_border_width=\u00a0\u00bbnone\u00a0\u00bb column_border_style=\u00a0\u00bbsolid\u00a0\u00bb][vc_column_text css=\u00a0\u00bb.vc_custom_1672099168985{margin-bottom: 40px !important;}\u00a0\u00bb]\n<h2>Contact<\/h2>\n[\/vc_column_text][vc_custom_heading text=\u00a0\u00bbUn projet ? Une question ? Une demande de devis ? Discutons-en par mail ou par t\u00e9l\u00e9phone.\u00a0\u00bb font_container=\u00a0\u00bbtag:h3|font_size:24|text_align:left|line_height:38px\u00a0\u00bb google_fonts=\u00a0\u00bbfont_family:Roboto%3A100%2C100italic%2C300%2C300italic%2Cregular%2Citalic%2C500%2C500italic%2C700%2C700italic%2C900%2C900italic|font_style:400%20regular%3A400%3Anormal\u00a0\u00bb][\/vc_column][vc_column column_padding=\u00a0\u00bbno-extra-padding\u00a0\u00bb column_padding_tablet=\u00a0\u00bbinherit\u00a0\u00bb column_padding_phone=\u00a0\u00bbinherit\u00a0\u00bb column_padding_position=\u00a0\u00bball\u00a0\u00bb column_element_direction_desktop=\u00a0\u00bbdefault\u00a0\u00bb column_element_spacing=\u00a0\u00bbdefault\u00a0\u00bb desktop_text_alignment=\u00a0\u00bbdefault\u00a0\u00bb tablet_text_alignment=\u00a0\u00bbdefault\u00a0\u00bb phone_text_alignment=\u00a0\u00bbdefault\u00a0\u00bb background_color_opacity=\u00a0\u00bb1&Prime; background_hover_color_opacity=\u00a0\u00bb1&Prime; column_backdrop_filter=\u00a0\u00bbnone\u00a0\u00bb column_shadow=\u00a0\u00bbnone\u00a0\u00bb column_border_radius=\u00a0\u00bbnone\u00a0\u00bb column_link_target=\u00a0\u00bb_self\u00a0\u00bb column_position=\u00a0\u00bbdefault\u00a0\u00bb gradient_direction=\u00a0\u00bbleft_to_right\u00a0\u00bb overlay_strength=\u00a0\u00bb0.3&Prime; width=\u00a0\u00bb1\/2&Prime; tablet_width_inherit=\u00a0\u00bbdefault\u00a0\u00bb animation_type=\u00a0\u00bbdefault\u00a0\u00bb bg_image_animation=\u00a0\u00bbnone\u00a0\u00bb border_type=\u00a0\u00bbsimple\u00a0\u00bb column_border_width=\u00a0\u00bbnone\u00a0\u00bb column_border_style=\u00a0\u00bbsolid\u00a0\u00bb][\/vc_column][\/vc_row][vc_row type=\u00a0\u00bbfull_width_background\u00a0\u00bb full_screen_row_position=\u00a0\u00bbmiddle\u00a0\u00bb column_margin=\u00a0\u00bbdefault\u00a0\u00bb column_direction=\u00a0\u00bbdefault\u00a0\u00bb column_direction_tablet=\u00a0\u00bbdefault\u00a0\u00bb column_direction_phone=\u00a0\u00bbdefault\u00a0\u00bb scene_position=\u00a0\u00bbcenter\u00a0\u00bb top_padding=\u00a0\u00bb5%\u00a0\u00bb bottom_padding=\u00a0\u00bb3%\u00a0\u00bb text_color=\u00a0\u00bbdark\u00a0\u00bb text_align=\u00a0\u00bbleft\u00a0\u00bb row_border_radius=\u00a0\u00bbnone\u00a0\u00bb row_border_radius_applies=\u00a0\u00bbbg\u00a0\u00bb overflow=\u00a0\u00bbvisible\u00a0\u00bb overlay_strength=\u00a0\u00bb0.3&Prime; gradient_direction=\u00a0\u00bbleft_to_right\u00a0\u00bb shape_divider_position=\u00a0\u00bbbottom\u00a0\u00bb bg_image_animation=\u00a0\u00bbnone\u00a0\u00bb][vc_column column_padding=\u00a0\u00bbpadding-2-percent\u00a0\u00bb column_padding_tablet=\u00a0\u00bbinherit\u00a0\u00bb column_padding_phone=\u00a0\u00bbinherit\u00a0\u00bb column_padding_position=\u00a0\u00bbtop-bottom\u00a0\u00bb column_element_direction_desktop=\u00a0\u00bbdefault\u00a0\u00bb column_element_spacing=\u00a0\u00bbdefault\u00a0\u00bb desktop_text_alignment=\u00a0\u00bbdefault\u00a0\u00bb tablet_text_alignment=\u00a0\u00bbdefault\u00a0\u00bb phone_text_alignment=\u00a0\u00bbdefault\u00a0\u00bb background_color_opacity=\u00a0\u00bb1&Prime; background_hover_color_opacity=\u00a0\u00bb1&Prime; column_backdrop_filter=\u00a0\u00bbnone\u00a0\u00bb column_shadow=\u00a0\u00bbnone\u00a0\u00bb column_border_radius=\u00a0\u00bbnone\u00a0\u00bb column_link_target=\u00a0\u00bb_self\u00a0\u00bb column_position=\u00a0\u00bbdefault\u00a0\u00bb gradient_direction=\u00a0\u00bbleft_to_right\u00a0\u00bb overlay_strength=\u00a0\u00bb0.3&Prime; width=\u00a0\u00bb1\/3&Prime; tablet_width_inherit=\u00a0\u00bbdefault\u00a0\u00bb animation_type=\u00a0\u00bbdefault\u00a0\u00bb bg_image_animation=\u00a0\u00bbnone\u00a0\u00bb border_type=\u00a0\u00bbsimple\u00a0\u00bb column_border_width=\u00a0\u00bbnone\u00a0\u00bb column_border_style=\u00a0\u00bbsolid\u00a0\u00bb][vc_custom_heading text=\u00a0\u00bbMail\u00a0\u00bb font_container=\u00a0\u00bbtag:h5|font_size:14|text_align:left|color:%23bcbcbc\u00a0\u00bb use_theme_fonts=\u00a0\u00bbyes\u00a0\u00bb][vc_column_text]\n<h5><a href=\"mailto:laumeriaux@gmail.com\">laumeriaux@gmail.com<\/a><\/h5>\n[\/vc_column_text][\/vc_column][vc_column column_padding=\u00a0\u00bbpadding-2-percent\u00a0\u00bb column_padding_tablet=\u00a0\u00bbinherit\u00a0\u00bb column_padding_phone=\u00a0\u00bbinherit\u00a0\u00bb column_padding_position=\u00a0\u00bbtop-bottom\u00a0\u00bb column_element_direction_desktop=\u00a0\u00bbdefault\u00a0\u00bb column_element_spacing=\u00a0\u00bbdefault\u00a0\u00bb desktop_text_alignment=\u00a0\u00bbdefault\u00a0\u00bb tablet_text_alignment=\u00a0\u00bbdefault\u00a0\u00bb phone_text_alignment=\u00a0\u00bbdefault\u00a0\u00bb background_color_opacity=\u00a0\u00bb1&Prime; background_hover_color_opacity=\u00a0\u00bb1&Prime; column_backdrop_filter=\u00a0\u00bbnone\u00a0\u00bb column_shadow=\u00a0\u00bbnone\u00a0\u00bb column_border_radius=\u00a0\u00bbnone\u00a0\u00bb column_link_target=\u00a0\u00bb_self\u00a0\u00bb column_position=\u00a0\u00bbdefault\u00a0\u00bb gradient_direction=\u00a0\u00bbleft_to_right\u00a0\u00bb overlay_strength=\u00a0\u00bb0.3&Prime; width=\u00a0\u00bb1\/3&Prime; tablet_width_inherit=\u00a0\u00bbdefault\u00a0\u00bb animation_type=\u00a0\u00bbdefault\u00a0\u00bb bg_image_animation=\u00a0\u00bbnone\u00a0\u00bb border_type=\u00a0\u00bbsimple\u00a0\u00bb column_border_width=\u00a0\u00bbnone\u00a0\u00bb column_border_style=\u00a0\u00bbsolid\u00a0\u00bb][vc_custom_heading text=\u00a0\u00bbTel.\u00a0\u00bb font_container=\u00a0\u00bbtag:h5|font_size:14|text_align:left|color:%23bcbcbc\u00a0\u00bb use_theme_fonts=\u00a0\u00bbyes\u00a0\u00bb][vc_column_text]\n<h5>06 49 49 59 44<\/h5>\n[\/vc_column_text][\/vc_column][vc_column column_padding=\u00a0\u00bbpadding-2-percent\u00a0\u00bb column_padding_tablet=\u00a0\u00bbinherit\u00a0\u00bb column_padding_phone=\u00a0\u00bbinherit\u00a0\u00bb column_padding_position=\u00a0\u00bbtop-bottom\u00a0\u00bb column_element_direction_desktop=\u00a0\u00bbdefault\u00a0\u00bb column_element_spacing=\u00a0\u00bbdefault\u00a0\u00bb desktop_text_alignment=\u00a0\u00bbdefault\u00a0\u00bb tablet_text_alignment=\u00a0\u00bbdefault\u00a0\u00bb phone_text_alignment=\u00a0\u00bbdefault\u00a0\u00bb background_color_opacity=\u00a0\u00bb1&Prime; background_hover_color_opacity=\u00a0\u00bb1&Prime; column_backdrop_filter=\u00a0\u00bbnone\u00a0\u00bb column_shadow=\u00a0\u00bbnone\u00a0\u00bb column_border_radius=\u00a0\u00bbnone\u00a0\u00bb column_link_target=\u00a0\u00bb_self\u00a0\u00bb column_position=\u00a0\u00bbdefault\u00a0\u00bb gradient_direction=\u00a0\u00bbleft_to_right\u00a0\u00bb overlay_strength=\u00a0\u00bb0.3&Prime; width=\u00a0\u00bb1\/3&Prime; tablet_width_inherit=\u00a0\u00bbdefault\u00a0\u00bb animation_type=\u00a0\u00bbdefault\u00a0\u00bb bg_image_animation=\u00a0\u00bbnone\u00a0\u00bb border_type=\u00a0\u00bbsimple\u00a0\u00bb column_border_width=\u00a0\u00bbnone\u00a0\u00bb column_border_style=\u00a0\u00bbsolid\u00a0\u00bb][vc_custom_heading text=\u00a0\u00bbContact\u00a0\u00bb font_container=\u00a0\u00bbtag:h5|font_size:14|text_align:left|color:%23bcbcbc\u00a0\u00bb use_theme_fonts=\u00a0\u00bbyes\u00a0\u00bb][vc_column_text]\n<h5>Boulevard Vaquez \/ 63130 \/ Royat<\/h5>\n[\/vc_column_text][\/vc_column][\/vc_row]\n","protected":false},"excerpt":{"rendered":"<p>[vc_row type=\u00a0\u00bbin_container\u00a0\u00bb full_screen_row_position=\u00a0\u00bbmiddle\u00a0\u00bb column_margin=\u00a0\u00bbdefault\u00a0\u00bb column_direction=\u00a0\u00bbdefault\u00a0\u00bb column_direction_tablet=\u00a0\u00bbdefault\u00a0\u00bb column_direction_phone=\u00a0\u00bbdefault\u00a0\u00bb scene_position=\u00a0\u00bbcenter\u00a0\u00bb top_padding=\u00a0\u00bb5%\u00a0\u00bb text_color=\u00a0\u00bbdark\u00a0\u00bb text_align=\u00a0\u00bbleft\u00a0\u00bb row_border_radius=\u00a0\u00bbnone\u00a0\u00bb row_border_radius_applies=\u00a0\u00bbbg\u00a0\u00bb overflow=\u00a0\u00bbvisible\u00a0\u00bb overlay_strength=\u00a0\u00bb0.3&Prime; gradient_direction=\u00a0\u00bbleft_to_right\u00a0\u00bb shape_divider_position=\u00a0\u00bbbottom\u00a0\u00bb bg_image_animation=\u00a0\u00bbnone\u00a0\u00bb][vc_column column_padding=\u00a0\u00bbno-extra-padding\u00a0\u00bb column_padding_tablet=\u00a0\u00bbinherit\u00a0\u00bb column_padding_phone=\u00a0\u00bbinherit\u00a0\u00bb column_padding_position=\u00a0\u00bball\u00a0\u00bb column_element_direction_desktop=\u00a0\u00bbdefault\u00a0\u00bb column_element_spacing=\u00a0\u00bbdefault\u00a0\u00bb desktop_text_alignment=\u00a0\u00bbdefault\u00a0\u00bb tablet_text_alignment=\u00a0\u00bbdefault\u00a0\u00bb phone_text_alignment=\u00a0\u00bbdefault\u00a0\u00bb background_color_opacity=\u00a0\u00bb1&Prime; background_hover_color_opacity=\u00a0\u00bb1&Prime; column_backdrop_filter=\u00a0\u00bbnone\u00a0\u00bb&#8230;<\/p>\n","protected":false},"author":1,"featured_media":0,"parent":0,"menu_order":0,"comment_status":"closed","ping_status":"closed","template":"","meta":{"footnotes":""},"yoast_head":"<!-- This site is optimized with the Yoast SEO plugin v19.13 - https:\/\/yoast.com\/wordpress\/plugins\/seo\/ -->\n<title>Contact - Minimal Portfolio &bull; Laurentmeriaux<\/title>\n<meta name=\"description\" content=\"Laurent Meriaux, Graphiste freelance \u00e0 Clermont-Ferrand. Identit\u00e9 graphique, communication institutionnelle, Cr\u00e9ation graphique, affiche, brochure, carte de visite, charte graphique, flyer, logo, webdesign, animation 2d, 3d.\" \/>\n<meta name=\"robots\" content=\"index, follow, max-snippet:-1, max-image-preview:large, max-video-preview:-1\" \/>\n<link rel=\"canonical\" href=\"https:\/\/laurentmeriaux.com\/index.php\/contact-minimal-portfolio\/\" \/>\n<meta property=\"og:locale\" content=\"fr_FR\" \/>\n<meta property=\"og:type\" content=\"article\" \/>\n<meta property=\"og:title\" content=\"Contact - Minimal Portfolio &bull; Laurentmeriaux\" \/>\n<meta property=\"og:description\" content=\"Laurent Meriaux, Graphiste freelance \u00e0 Clermont-Ferrand. Identit\u00e9 graphique, communication institutionnelle, Cr\u00e9ation graphique, affiche, brochure, carte de visite, charte graphique, flyer, logo, webdesign, animation 2d, 3d.\" \/>\n<meta property=\"og:url\" content=\"https:\/\/laurentmeriaux.com\/index.php\/contact-minimal-portfolio\/\" \/>\n<meta property=\"og:site_name\" content=\"Laurentmeriaux\" \/>\n<meta property=\"article:modified_time\" content=\"2022-12-27T00:08:13+00:00\" \/>\n<meta name=\"twitter:card\" content=\"summary_large_image\" \/>\n<meta name=\"twitter:site\" content=\"@LiliBellons\" \/>\n<meta name=\"twitter:label1\" content=\"Dur\u00e9e de lecture estim\u00e9e\" \/>\n\t<meta name=\"twitter:data1\" content=\"2 minutes\" \/>\n<script type=\"application\/ld+json\" class=\"yoast-schema-graph\">{\"@context\":\"https:\/\/schema.org\",\"@graph\":[{\"@type\":\"WebPage\",\"@id\":\"https:\/\/laurentmeriaux.com\/index.php\/contact-minimal-portfolio\/\",\"url\":\"https:\/\/laurentmeriaux.com\/index.php\/contact-minimal-portfolio\/\",\"name\":\"Contact - Minimal Portfolio &bull; Laurentmeriaux\",\"isPartOf\":{\"@id\":\"https:\/\/laurentmeriaux.com\/#website\"},\"datePublished\":\"2017-01-16T23:50:39+00:00\",\"dateModified\":\"2022-12-27T00:08:13+00:00\",\"description\":\"Laurent Meriaux, Graphiste freelance \u00e0 Clermont-Ferrand. Identit\u00e9 graphique, communication institutionnelle, Cr\u00e9ation graphique, affiche, brochure, carte de visite, charte graphique, flyer, logo, webdesign, animation 2d, 3d.\",\"breadcrumb\":{\"@id\":\"https:\/\/laurentmeriaux.com\/index.php\/contact-minimal-portfolio\/#breadcrumb\"},\"inLanguage\":\"fr-FR\",\"potentialAction\":[{\"@type\":\"ReadAction\",\"target\":[\"https:\/\/laurentmeriaux.com\/index.php\/contact-minimal-portfolio\/\"]}]},{\"@type\":\"BreadcrumbList\",\"@id\":\"https:\/\/laurentmeriaux.com\/index.php\/contact-minimal-portfolio\/#breadcrumb\",\"itemListElement\":[{\"@type\":\"ListItem\",\"position\":1,\"name\":\"Accueil\",\"item\":\"https:\/\/laurentmeriaux.com\/\"},{\"@type\":\"ListItem\",\"position\":2,\"name\":\"Contact &#8211; Minimal Portfolio\"}]},{\"@type\":\"WebSite\",\"@id\":\"https:\/\/laurentmeriaux.com\/#website\",\"url\":\"https:\/\/laurentmeriaux.com\/\",\"name\":\"laurentmeriaux graphiste clermont ferrand\",\"description\":\"graphiste freelance clermont ferrand\",\"publisher\":{\"@id\":\"https:\/\/laurentmeriaux.com\/#\/schema\/person\/b8e0f7ec066f8117e422dbd2e10daf91\"},\"potentialAction\":[{\"@type\":\"SearchAction\",\"target\":{\"@type\":\"EntryPoint\",\"urlTemplate\":\"https:\/\/laurentmeriaux.com\/?s={search_term_string}\"},\"query-input\":\"required name=search_term_string\"}],\"inLanguage\":\"fr-FR\"},{\"@type\":[\"Person\",\"Organization\"],\"@id\":\"https:\/\/laurentmeriaux.com\/#\/schema\/person\/b8e0f7ec066f8117e422dbd2e10daf91\",\"name\":\"admin9044\",\"image\":{\"@type\":\"ImageObject\",\"inLanguage\":\"fr-FR\",\"@id\":\"https:\/\/laurentmeriaux.com\/#\/schema\/person\/image\/\",\"url\":\"https:\/\/laurentmeriaux.com\/wp-content\/uploads\/2021\/02\/cropped-logo_b-1.png\",\"contentUrl\":\"https:\/\/laurentmeriaux.com\/wp-content\/uploads\/2021\/02\/cropped-logo_b-1.png\",\"width\":512,\"height\":512,\"caption\":\"admin9044\"},\"logo\":{\"@id\":\"https:\/\/laurentmeriaux.com\/#\/schema\/person\/image\/\"},\"sameAs\":[\"http:\/\/laurentmeriaux.com\"]}]}<\/script>\n<!-- \/ Yoast SEO plugin. -->","yoast_head_json":{"title":"Contact - Minimal Portfolio &bull; Laurentmeriaux","description":"Laurent Meriaux, Graphiste freelance \u00e0 Clermont-Ferrand. Identit\u00e9 graphique, communication institutionnelle, Cr\u00e9ation graphique, affiche, brochure, carte de visite, charte graphique, flyer, logo, webdesign, animation 2d, 3d.","robots":{"index":"index","follow":"follow","max-snippet":"max-snippet:-1","max-image-preview":"max-image-preview:large","max-video-preview":"max-video-preview:-1"},"canonical":"https:\/\/laurentmeriaux.com\/index.php\/contact-minimal-portfolio\/","og_locale":"fr_FR","og_type":"article","og_title":"Contact - Minimal Portfolio &bull; Laurentmeriaux","og_description":"Laurent Meriaux, Graphiste freelance \u00e0 Clermont-Ferrand. Identit\u00e9 graphique, communication institutionnelle, Cr\u00e9ation graphique, affiche, brochure, carte de visite, charte graphique, flyer, logo, webdesign, animation 2d, 3d.","og_url":"https:\/\/laurentmeriaux.com\/index.php\/contact-minimal-portfolio\/","og_site_name":"Laurentmeriaux","article_modified_time":"2022-12-27T00:08:13+00:00","twitter_card":"summary_large_image","twitter_site":"@LiliBellons","twitter_misc":{"Dur\u00e9e de lecture estim\u00e9e":"2 minutes"},"schema":{"@context":"https:\/\/schema.org","@graph":[{"@type":"WebPage","@id":"https:\/\/laurentmeriaux.com\/index.php\/contact-minimal-portfolio\/","url":"https:\/\/laurentmeriaux.com\/index.php\/contact-minimal-portfolio\/","name":"Contact - Minimal Portfolio &bull; Laurentmeriaux","isPartOf":{"@id":"https:\/\/laurentmeriaux.com\/#website"},"datePublished":"2017-01-16T23:50:39+00:00","dateModified":"2022-12-27T00:08:13+00:00","description":"Laurent Meriaux, Graphiste freelance \u00e0 Clermont-Ferrand. Identit\u00e9 graphique, communication institutionnelle, Cr\u00e9ation graphique, affiche, brochure, carte de visite, charte graphique, flyer, logo, webdesign, animation 2d, 3d.","breadcrumb":{"@id":"https:\/\/laurentmeriaux.com\/index.php\/contact-minimal-portfolio\/#breadcrumb"},"inLanguage":"fr-FR","potentialAction":[{"@type":"ReadAction","target":["https:\/\/laurentmeriaux.com\/index.php\/contact-minimal-portfolio\/"]}]},{"@type":"BreadcrumbList","@id":"https:\/\/laurentmeriaux.com\/index.php\/contact-minimal-portfolio\/#breadcrumb","itemListElement":[{"@type":"ListItem","position":1,"name":"Accueil","item":"https:\/\/laurentmeriaux.com\/"},{"@type":"ListItem","position":2,"name":"Contact &#8211; Minimal Portfolio"}]},{"@type":"WebSite","@id":"https:\/\/laurentmeriaux.com\/#website","url":"https:\/\/laurentmeriaux.com\/","name":"laurentmeriaux graphiste clermont ferrand","description":"graphiste freelance clermont ferrand","publisher":{"@id":"https:\/\/laurentmeriaux.com\/#\/schema\/person\/b8e0f7ec066f8117e422dbd2e10daf91"},"potentialAction":[{"@type":"SearchAction","target":{"@type":"EntryPoint","urlTemplate":"https:\/\/laurentmeriaux.com\/?s={search_term_string}"},"query-input":"required name=search_term_string"}],"inLanguage":"fr-FR"},{"@type":["Person","Organization"],"@id":"https:\/\/laurentmeriaux.com\/#\/schema\/person\/b8e0f7ec066f8117e422dbd2e10daf91","name":"admin9044","image":{"@type":"ImageObject","inLanguage":"fr-FR","@id":"https:\/\/laurentmeriaux.com\/#\/schema\/person\/image\/","url":"https:\/\/laurentmeriaux.com\/wp-content\/uploads\/2021\/02\/cropped-logo_b-1.png","contentUrl":"https:\/\/laurentmeriaux.com\/wp-content\/uploads\/2021\/02\/cropped-logo_b-1.png","width":512,"height":512,"caption":"admin9044"},"logo":{"@id":"https:\/\/laurentmeriaux.com\/#\/schema\/person\/image\/"},"sameAs":["http:\/\/laurentmeriaux.com"]}]}},"_links":{"self":[{"href":"https:\/\/laurentmeriaux.com\/index.php\/wp-json\/wp\/v2\/pages\/75"}],"collection":[{"href":"https:\/\/laurentmeriaux.com\/index.php\/wp-json\/wp\/v2\/pages"}],"about":[{"href":"https:\/\/laurentmeriaux.com\/index.php\/wp-json\/wp\/v2\/types\/page"}],"author":[{"embeddable":true,"href":"https:\/\/laurentmeriaux.com\/index.php\/wp-json\/wp\/v2\/users\/1"}],"replies":[{"embeddable":true,"href":"https:\/\/laurentmeriaux.com\/index.php\/wp-json\/wp\/v2\/comments?post=75"}],"version-history":[{"count":5,"href":"https:\/\/laurentmeriaux.com\/index.php\/wp-json\/wp\/v2\/pages\/75\/revisions"}],"predecessor-version":[{"id":3573,"href":"https:\/\/laurentmeriaux.com\/index.php\/wp-json\/wp\/v2\/pages\/75\/revisions\/3573"}],"wp:attachment":[{"href":"https:\/\/laurentmeriaux.com\/index.php\/wp-json\/wp\/v2\/media?parent=75"}],"curies":[{"name":"wp","href":"https:\/\/api.w.org\/{rel}","templated":true}]}}